{"id":586,"date":"2024-11-05T10:19:15","date_gmt":"2024-11-05T10:19:15","guid":{"rendered":"https:\/\/antares-translations.com\/contacto"},"modified":"2024-12-04T09:54:23","modified_gmt":"2024-12-04T09:54:23","slug":"kontakt","status":"publish","type":"page","link":"https:\/\/antares-translations.com\/de\/kontakt","title":{"rendered":"Kontakt"},"content":{"rendered":"\n<div class=\"wp-block-columns is-layout-flex wp-container-core-columns-is-layout-28f84493 wp-block-columns-is-layout-flex\">\n<div class=\"wp-block-column is-layout-flow wp-block-column-is-layout-flow\"><\/div>\n<\/div>\n\n\n\n<div class=\"wp-block-columns is-layout-flex wp-container-core-columns-is-layout-28f84493 wp-block-columns-is-layout-flex\">\n<div class=\"wp-block-column is-layout-flow wp-block-column-is-layout-flow\">\n<div class=\"wp-block-cover is-light has-cnt-color has-text-color has-link-color wp-elements-989c61c2965d11e2e859aa67fc26ac74\" style=\"border-top-left-radius:50px;border-top-right-radius:49px;border-bottom-right-radius:50px;padding-right:var(--wp--preset--spacing--medium);padding-left:var(--wp--preset--spacing--medium);min-height:400px;aspect-ratio:unset;\"><span aria-hidden=\"true\" class=\"wp-block-cover__background has-background-dim\" style=\"background-color:#faf2dd\"><\/span><div class=\"wp-block-cover__inner-container is-layout-constrained wp-container-core-cover-is-layout-caa6f773 wp-block-cover-is-layout-constrained\">\n<p>Bringen Sie Ihre Kommunikation auf ein neues Niveau! Erz\u00e4hlen Sie mir von Ihrem Projekt.<\/p>\n\n\n\n<p>Ich unterst\u00fctze sowohl Unternehmen, die auf globaler Ebene expandieren m\u00f6chten, \u00dcbersetzungsb\u00fcros auf der Suche nach neuen \u00dcbersetzer:innen als auch Einzelpersonen, die pers\u00f6nliche \u00dcbersetzungen ben\u00f6tigen.<\/p>\n\n\n\n<h2 class=\"wp-block-heading\"><strong>Jetzt Kontakt aufnehmen!<\/strong><\/h2>\n<\/div><\/div>\n<\/div>\n\n\n\n<div class=\"wp-block-column fy-form is-layout-flow wp-block-column-is-layout-flow\">\n<h2 class=\"wp-block-heading\">Kontaktformular<\/h2>\n\n\n\n<div class=\"wp-block-contact-form-7-contact-form-selector\">\n<div class=\"wpcf7 no-js\" id=\"wpcf7-f589-o1\" lang=\"de-DE\" dir=\"ltr\" data-wpcf7-id=\"589\">\n<div class=\"screen-reader-response\"><p role=\"status\" aria-live=\"polite\" aria-atomic=\"true\"><\/p> <ul><\/ul><\/div>\n<form action=\"\/de\/wp-json\/wp\/v2\/pages\/586#wpcf7-f589-o1\" method=\"post\" class=\"wpcf7-form init\" aria-label=\"Kontaktformular\" novalidate=\"novalidate\" data-status=\"init\">\n<div style=\"display: none;\">\n<input type=\"hidden\" name=\"_wpcf7\" value=\"589\" \/>\n<input type=\"hidden\" name=\"_wpcf7_version\" value=\"6.0.1\" \/>\n<input type=\"hidden\" name=\"_wpcf7_locale\" value=\"de_DE\" \/>\n<input type=\"hidden\" name=\"_wpcf7_unit_tag\" value=\"wpcf7-f589-o1\" \/>\n<input type=\"hidden\" name=\"_wpcf7_container_post\" value=\"0\" \/>\n<input type=\"hidden\" name=\"_wpcf7_posted_data_hash\" value=\"\" \/>\n<input type=\"hidden\" name=\"_wpcf7_recaptcha_response\" value=\"\" \/>\n<\/div>\n<p><label> Name<br \/>\n<span class=\"wpcf7-form-control-wrap\" data-name=\"your-name\"><input size=\"40\" maxlength=\"400\" class=\"wpcf7-form-control wpcf7-text wpcf7-validates-as-required\" autocomplete=\"name\" aria-required=\"true\" aria-invalid=\"false\" value=\"\" type=\"text\" name=\"your-name\" \/><\/span> <\/label>\n<\/p>\n<p><label> E-Mail-Adresse<br \/>\n<span class=\"wpcf7-form-control-wrap\" data-name=\"your-email\"><input size=\"40\" maxlength=\"400\" class=\"wpcf7-form-control wpcf7-email wpcf7-validates-as-required wpcf7-text wpcf7-validates-as-email\" autocomplete=\"email\" aria-required=\"true\" aria-invalid=\"false\" value=\"\" type=\"email\" name=\"your-email\" \/><\/span> <\/label>\n<\/p>\n<p><label> Betreff<br \/>\n<span class=\"wpcf7-form-control-wrap\" data-name=\"your-subject\"><input size=\"40\" maxlength=\"400\" class=\"wpcf7-form-control wpcf7-text wpcf7-validates-as-required\" aria-required=\"true\" aria-invalid=\"false\" value=\"\" type=\"text\" name=\"your-subject\" \/><\/span> <\/label>\n<\/p>\n<p><label> Nachricht (optional)<br \/>\n<span class=\"wpcf7-form-control-wrap\" data-name=\"your-message\"><textarea cols=\"40\" rows=\"10\" maxlength=\"2000\" class=\"wpcf7-form-control wpcf7-textarea\" aria-invalid=\"false\" name=\"your-message\"><\/textarea><\/span> <\/label><br \/>\n<span class=\"wpcf7-form-control-wrap\" data-name=\"acceptance\"><span class=\"wpcf7-form-control wpcf7-acceptance\"><span class=\"wpcf7-list-item\"><label><input type=\"checkbox\" name=\"acceptance\" value=\"1\" aria-invalid=\"false\" \/><span class=\"wpcf7-list-item-label\">Ich habe die <a href=\"\/de\/datenschutzbestimmungen\" target=\"_blank\">Datenschutzbestimmungen<\/a> gelesen und stimme ihnen zu.<\/span><\/label><\/span><\/span><\/span><br \/>\n<input class=\"wpcf7-form-control wpcf7-submit has-spinner\" type=\"submit\" value=\"Absenden\" \/>\n<\/p><div class=\"wpcf7-response-output\" aria-hidden=\"true\"><\/div>\n<\/form>\n<\/div>\n<\/div>\n<\/div>\n<\/div>\n\n\n\n<div style=\"height:30px\" aria-hidden=\"true\" class=\"wp-block-spacer\"><\/div>\n","protected":false},"excerpt":{"rendered":"<p>Kontaktformular<\/p>\n","protected":false},"author":1,"featured_media":244,"parent":0,"menu_order":0,"comment_status":"closed","ping_status":"closed","template":"","meta":{"footnotes":""},"class_list":["post-586","page","type-page","status-publish","has-post-thumbnail","hentry"],"yoast_head":"<!-- This site is optimized with the Yoast SEO plugin v23.9 - https:\/\/yoast.com\/wordpress\/plugins\/seo\/ -->\n<title>Kontakt - Antares Translations<\/title>\n<meta name=\"robots\" content=\"index, follow, max-snippet:-1, max-image-preview:large, max-video-preview:-1\" \/>\n<link rel=\"canonical\" href=\"https:\/\/antares-translations.com\/de\/kontakt\" \/>\n<meta property=\"og:locale\" content=\"de_DE\" \/>\n<meta property=\"og:type\" content=\"article\" \/>\n<meta property=\"og:title\" content=\"Kontakt - Antares Translations\" \/>\n<meta property=\"og:description\" content=\"Kontaktformular\" \/>\n<meta property=\"og:url\" content=\"https:\/\/antares-translations.com\/de\/kontakt\" \/>\n<meta property=\"og:site_name\" content=\"Antares Translations\" \/>\n<meta property=\"article:modified_time\" content=\"2024-12-04T09:54:23+00:00\" \/>\n<meta property=\"og:image\" content=\"https:\/\/antares-translations.com\/wp-content\/uploads\/2024\/11\/pexels-chuck-3728084.jpg\" \/>\n\t<meta property=\"og:image:width\" content=\"1920\" \/>\n\t<meta property=\"og:image:height\" content=\"1280\" \/>\n\t<meta property=\"og:image:type\" content=\"image\/jpeg\" \/>\n<meta name=\"twitter:card\" content=\"summary_large_image\" \/>\n<meta name=\"twitter:label1\" content=\"Gesch\u00e4tzte Lesezeit\" \/>\n\t<meta name=\"twitter:data1\" content=\"1\u00a0Minute\" \/>\n<script type=\"application\/ld+json\" class=\"yoast-schema-graph\">{\"@context\":\"https:\/\/schema.org\",\"@graph\":[{\"@type\":\"WebPage\",\"@id\":\"https:\/\/antares-translations.com\/de\/kontakt\",\"url\":\"https:\/\/antares-translations.com\/de\/kontakt\",\"name\":\"Kontakt - Antares Translations\",\"isPartOf\":{\"@id\":\"https:\/\/antares-translations.com\/de#website\"},\"primaryImageOfPage\":{\"@id\":\"https:\/\/antares-translations.com\/de\/kontakt#primaryimage\"},\"image\":{\"@id\":\"https:\/\/antares-translations.com\/de\/kontakt#primaryimage\"},\"thumbnailUrl\":\"https:\/\/antares-translations.com\/wp-content\/uploads\/2024\/11\/pexels-chuck-3728084.jpg\",\"datePublished\":\"2024-11-05T10:19:15+00:00\",\"dateModified\":\"2024-12-04T09:54:23+00:00\",\"breadcrumb\":{\"@id\":\"https:\/\/antares-translations.com\/de\/kontakt#breadcrumb\"},\"inLanguage\":\"de\",\"potentialAction\":[{\"@type\":\"ReadAction\",\"target\":[\"https:\/\/antares-translations.com\/de\/kontakt\"]}]},{\"@type\":\"ImageObject\",\"inLanguage\":\"de\",\"@id\":\"https:\/\/antares-translations.com\/de\/kontakt#primaryimage\",\"url\":\"https:\/\/antares-translations.com\/wp-content\/uploads\/2024\/11\/pexels-chuck-3728084.jpg\",\"contentUrl\":\"https:\/\/antares-translations.com\/wp-content\/uploads\/2024\/11\/pexels-chuck-3728084.jpg\",\"width\":1920,\"height\":1280,\"caption\":\"Experta en idiomas y traductora personal Antares Translations\"},{\"@type\":\"BreadcrumbList\",\"@id\":\"https:\/\/antares-translations.com\/de\/kontakt#breadcrumb\",\"itemListElement\":[{\"@type\":\"ListItem\",\"position\":1,\"name\":\"Home\",\"item\":\"https:\/\/antares-translations.com\/de\"},{\"@type\":\"ListItem\",\"position\":2,\"name\":\"Kontakt\"}]},{\"@type\":\"WebSite\",\"@id\":\"https:\/\/antares-translations.com\/de#website\",\"url\":\"https:\/\/antares-translations.com\/de\",\"name\":\"Antares Translations\",\"description\":\"Translation Services\",\"publisher\":{\"@id\":\"https:\/\/antares-translations.com\/de#organization\"},\"alternateName\":\"Your Personal Language Expert\",\"potentialAction\":[{\"@type\":\"SearchAction\",\"target\":{\"@type\":\"EntryPoint\",\"urlTemplate\":\"https:\/\/antares-translations.com\/de?s={search_term_string}\"},\"query-input\":{\"@type\":\"PropertyValueSpecification\",\"valueRequired\":true,\"valueName\":\"search_term_string\"}}],\"inLanguage\":\"de\"},{\"@type\":\"Organization\",\"@id\":\"https:\/\/antares-translations.com\/de#organization\",\"name\":\"Antares Translations\",\"url\":\"https:\/\/antares-translations.com\/de\",\"logo\":{\"@type\":\"ImageObject\",\"inLanguage\":\"de\",\"@id\":\"https:\/\/antares-translations.com\/de#\/schema\/logo\/image\/\",\"url\":\"https:\/\/antares-translations.com\/wp-content\/uploads\/2024\/11\/logo-antares-translations_v2.png\",\"contentUrl\":\"https:\/\/antares-translations.com\/wp-content\/uploads\/2024\/11\/logo-antares-translations_v2.png\",\"width\":253,\"height\":120,\"caption\":\"Antares Translations\"},\"image\":{\"@id\":\"https:\/\/antares-translations.com\/de#\/schema\/logo\/image\/\"}}]}<\/script>\n<!-- \/ Yoast SEO plugin. -->","yoast_head_json":{"title":"Kontakt - Antares Translations","robots":{"index":"index","follow":"follow","max-snippet":"max-snippet:-1","max-image-preview":"max-image-preview:large","max-video-preview":"max-video-preview:-1"},"canonical":"https:\/\/antares-translations.com\/de\/kontakt","og_locale":"de_DE","og_type":"article","og_title":"Kontakt - Antares Translations","og_description":"Kontaktformular","og_url":"https:\/\/antares-translations.com\/de\/kontakt","og_site_name":"Antares Translations","article_modified_time":"2024-12-04T09:54:23+00:00","og_image":[{"width":1920,"height":1280,"url":"https:\/\/antares-translations.com\/wp-content\/uploads\/2024\/11\/pexels-chuck-3728084.jpg","type":"image\/jpeg"}],"twitter_card":"summary_large_image","twitter_misc":{"Gesch\u00e4tzte Lesezeit":"1\u00a0Minute"},"schema":{"@context":"https:\/\/schema.org","@graph":[{"@type":"WebPage","@id":"https:\/\/antares-translations.com\/de\/kontakt","url":"https:\/\/antares-translations.com\/de\/kontakt","name":"Kontakt - Antares Translations","isPartOf":{"@id":"https:\/\/antares-translations.com\/de#website"},"primaryImageOfPage":{"@id":"https:\/\/antares-translations.com\/de\/kontakt#primaryimage"},"image":{"@id":"https:\/\/antares-translations.com\/de\/kontakt#primaryimage"},"thumbnailUrl":"https:\/\/antares-translations.com\/wp-content\/uploads\/2024\/11\/pexels-chuck-3728084.jpg","datePublished":"2024-11-05T10:19:15+00:00","dateModified":"2024-12-04T09:54:23+00:00","breadcrumb":{"@id":"https:\/\/antares-translations.com\/de\/kontakt#breadcrumb"},"inLanguage":"de","potentialAction":[{"@type":"ReadAction","target":["https:\/\/antares-translations.com\/de\/kontakt"]}]},{"@type":"ImageObject","inLanguage":"de","@id":"https:\/\/antares-translations.com\/de\/kontakt#primaryimage","url":"https:\/\/antares-translations.com\/wp-content\/uploads\/2024\/11\/pexels-chuck-3728084.jpg","contentUrl":"https:\/\/antares-translations.com\/wp-content\/uploads\/2024\/11\/pexels-chuck-3728084.jpg","width":1920,"height":1280,"caption":"Experta en idiomas y traductora personal Antares Translations"},{"@type":"BreadcrumbList","@id":"https:\/\/antares-translations.com\/de\/kontakt#breadcrumb","itemListElement":[{"@type":"ListItem","position":1,"name":"Home","item":"https:\/\/antares-translations.com\/de"},{"@type":"ListItem","position":2,"name":"Kontakt"}]},{"@type":"WebSite","@id":"https:\/\/antares-translations.com\/de#website","url":"https:\/\/antares-translations.com\/de","name":"Antares Translations","description":"Translation Services","publisher":{"@id":"https:\/\/antares-translations.com\/de#organization"},"alternateName":"Your Personal Language Expert","potentialAction":[{"@type":"SearchAction","target":{"@type":"EntryPoint","urlTemplate":"https:\/\/antares-translations.com\/de?s={search_term_string}"},"query-input":{"@type":"PropertyValueSpecification","valueRequired":true,"valueName":"search_term_string"}}],"inLanguage":"de"},{"@type":"Organization","@id":"https:\/\/antares-translations.com\/de#organization","name":"Antares Translations","url":"https:\/\/antares-translations.com\/de","logo":{"@type":"ImageObject","inLanguage":"de","@id":"https:\/\/antares-translations.com\/de#\/schema\/logo\/image\/","url":"https:\/\/antares-translations.com\/wp-content\/uploads\/2024\/11\/logo-antares-translations_v2.png","contentUrl":"https:\/\/antares-translations.com\/wp-content\/uploads\/2024\/11\/logo-antares-translations_v2.png","width":253,"height":120,"caption":"Antares Translations"},"image":{"@id":"https:\/\/antares-translations.com\/de#\/schema\/logo\/image\/"}}]}},"_links":{"self":[{"href":"https:\/\/antares-translations.com\/de\/wp-json\/wp\/v2\/pages\/586","targetHints":{"allow":["GET"]}}],"collection":[{"href":"https:\/\/antares-translations.com\/de\/wp-json\/wp\/v2\/pages"}],"about":[{"href":"https:\/\/antares-translations.com\/de\/wp-json\/wp\/v2\/types\/page"}],"author":[{"embeddable":true,"href":"https:\/\/antares-translations.com\/de\/wp-json\/wp\/v2\/users\/1"}],"replies":[{"embeddable":true,"href":"https:\/\/antares-translations.com\/de\/wp-json\/wp\/v2\/comments?post=586"}],"version-history":[{"count":1,"href":"https:\/\/antares-translations.com\/de\/wp-json\/wp\/v2\/pages\/586\/revisions"}],"predecessor-version":[{"id":588,"href":"https:\/\/antares-translations.com\/de\/wp-json\/wp\/v2\/pages\/586\/revisions\/588"}],"wp:featuredmedia":[{"embeddable":true,"href":"https:\/\/antares-translations.com\/de\/wp-json\/wp\/v2\/media\/244"}],"wp:attachment":[{"href":"https:\/\/antares-translations.com\/de\/wp-json\/wp\/v2\/media?parent=586"}],"curies":[{"name":"wp","href":"https:\/\/api.w.org\/{rel}","templated":true}]}}