{"id":395,"date":"2024-11-05T12:36:48","date_gmt":"2024-11-05T12:36:48","guid":{"rendered":"https:\/\/antares-translations.com\/accessibility"},"modified":"2024-11-28T13:46:38","modified_gmt":"2024-11-28T13:46:38","slug":"accessibilitat","status":"publish","type":"page","link":"https:\/\/antares-translations.com\/ca\/accessibilitat","title":{"rendered":"Accessibilitat"},"content":{"rendered":"\n<p><strong>Antares Translations\u00a0<\/strong>s\u2019ha comprom\u00e8s a fer accessible el vostre lloc web de conformitat amb la Normativa Europea EN 301 549 V3.2.1 (2021-03), sobre Requisits d\u2019accessibilitat per a productes i serveis TIC.<\/p>\n\n\n\n<p>Aquesta declaraci\u00f3 d\u2019accessibilitat s\u2019aplica al lloc web\u00a0<a href=\"https:\/\/antares-translations.com\">https:\/\/antares-translations.com<\/a> (els subdominis d\u2019aquest lloc web tindran les vostres pr\u00f2pies declaracions d\u2019accessibilitat).<\/p>\n\n\n\n<p><strong>Situaci\u00f3 de compliment<\/strong><\/p>\n\n\n\n<p>Aquest lloc web \u00e9s&nbsp;<strong>plenament conforme<\/strong>&nbsp;amb la Normativa Europea EN 301 549 V3.2.1 (2021-03)<\/p>\n\n\n\n<p><strong>Preparaci\u00f3 de la present declaraci\u00f3 d\u2019accessibilitat<\/strong><\/p>\n\n\n\n<p>La present declaraci\u00f3 va ser redactada l&#8217;11 de novembre de 2024.<\/p>\n\n\n\n<p>El m\u00e8tode utilitzat per preparar la declaraci\u00f3 ha estat una autoavaluaci\u00f3 duta a terme per la mateixa empresa de desenvolupament web (agent digitalitzador).<\/p>\n\n\n\n<p><strong>Observacions i dades de contacte<\/strong><\/p>\n\n\n\n<p>Pot realitzar comunicacions sobre requisits d\u2019accessibilitat, com ara:<\/p>\n\n\n\n<ul class=\"wp-block-list\">\n<li>Informar sobre qualsevol possible incompliment per part d\u2019aquest lloc web.<\/li>\n\n\n\n<li>Transmetre altres dificultats d\u2019acc\u00e9s al contingut.<\/li>\n\n\n\n<li>Formular qualsevol altra consulta o suggeriment de millora relativa a l\u2019accessibilitat del lloc web.<\/li>\n<\/ul>\n\n\n\n<p>A trav\u00e9s del correu electr\u00f2nic <a href=\"mailto:antarestranslations@gmail.com\">antarestranslations@gmail.com<\/a>.<\/p>\n\n\n\n<p>Tamb\u00e9 podeu sol\u00b7licitar en format accessible informaci\u00f3 que no compleixi amb els requisits d\u2019accessibilitat b\u00e9 per estar exclosa, b\u00e9 per estar exempta per c\u00e0rrega desproporcionada; o formular una queixa per incompliment dels requisits d\u2019accessibilitat.<\/p>\n\n\n\n<p><strong>Contingut opcional<\/strong><\/p>\n\n\n\n<p>La versi\u00f3 actualment visible d\u2019aquest lloc web \u00e9s del novembre de 2024 i en aquesta data es va fer la revisi\u00f3 del nivell d\u2019accessibilitat vigent en aquell moment.<\/p>\n\n\n\n<p>A partir de la data esmentada es duen a terme revisions parcials del contingut web nou o modificat, tant de les plantilles com de les p\u00e0gines i documents finals publicats, a fi d\u2019assegurar el compliment dels requeriments d\u2019accessibilitat de la Norma EN 301 549 V3. 2.1 (2021-03).<\/p>\n\n\n\n<p>Entre altres, s\u2019adopten les mesures seg\u00fcents per facilitar l\u2019accessibilitat:<\/p>\n\n\n\n<ul class=\"wp-block-list\">\n<li>Utilitzaci\u00f3 de text alternatiu a les imatges, excepte a les imatges merament decoratives<\/li>\n\n\n\n<li>\u00das dels est\u00e0ndards del W3C: XHTML 1.0, CSS 3.0,\u00a0WAI\u00a0AA.<\/li>\n<\/ul>\n\n\n\n<p>El lloc web est\u00e0 optimitzat per a les darreres versions vigents dels navegadors Edge, FireFox, Safari, Opera i Google Chrome. La resoluci\u00f3 web m\u00ednima recomanada \u00e9s de 1280\u00d71024.<\/p>\n\n\n\n<p>El lloc web est\u00e0 dissenyat per a la seva visualitzaci\u00f3 Responsive (adaptable), de manera que es visualitza de forma \u00f2ptima en els dispositius m\u00f2bils (tauleta i smartphones). En aquests dispositius est\u00e0 optimitzat per visualitzar-lo en les \u00faltimes versions vigents de Chrome for mobile, Firefox for mobile, Safari mobile, Opera Mini i navegador nadiu d\u2019Android.<\/p>\n\n\n\n<div style=\"height:30px\" aria-hidden=\"true\" class=\"wp-block-spacer\"><\/div>\n","protected":false},"excerpt":{"rendered":"<p>Antares Translations\u00a0s\u2019ha comprom\u00e8s a fer accessible el vostre lloc web de conformitat amb la Normativa Europea EN 301 549 V3.2.1 (2021-03), sobre Requisits d\u2019accessibilitat &#8230;<\/p>\n","protected":false},"author":1,"featured_media":0,"parent":0,"menu_order":0,"comment_status":"closed","ping_status":"closed","template":"","meta":{"footnotes":""},"class_list":["post-395","page","type-page","status-publish","hentry"],"yoast_head":"<!-- This site is optimized with the Yoast SEO plugin v23.9 - https:\/\/yoast.com\/wordpress\/plugins\/seo\/ -->\n<title>Accessibilitat - Antares Translations<\/title>\n<meta name=\"robots\" content=\"index, follow, max-snippet:-1, max-image-preview:large, max-video-preview:-1\" \/>\n<link rel=\"canonical\" href=\"https:\/\/antares-translations.com\/ca\/accessibilitat\" \/>\n<meta property=\"og:locale\" content=\"ca_ES\" \/>\n<meta property=\"og:type\" content=\"article\" \/>\n<meta property=\"og:title\" content=\"Accessibilitat - Antares Translations\" \/>\n<meta property=\"og:description\" content=\"Antares Translations\u00a0s\u2019ha comprom\u00e8s a fer accessible el vostre lloc web de conformitat amb la Normativa Europea EN 301 549 V3.2.1 (2021-03), sobre Requisits d\u2019accessibilitat ...\" \/>\n<meta property=\"og:url\" content=\"https:\/\/antares-translations.com\/ca\/accessibilitat\" \/>\n<meta property=\"og:site_name\" content=\"Antares Translations\" \/>\n<meta property=\"article:modified_time\" content=\"2024-11-28T13:46:38+00:00\" \/>\n<meta property=\"og:image\" content=\"https:\/\/antares-translations.com\/wp-content\/uploads\/2024\/11\/antares-translations-about-edited.jpg\" \/>\n\t<meta property=\"og:image:width\" content=\"700\" \/>\n\t<meta property=\"og:image:height\" content=\"700\" \/>\n\t<meta property=\"og:image:type\" content=\"image\/jpeg\" \/>\n<meta name=\"twitter:card\" content=\"summary_large_image\" \/>\n<meta name=\"twitter:label1\" content=\"Temps estimat de lectura\" \/>\n\t<meta name=\"twitter:data1\" content=\"2 minuts\" \/>\n<script type=\"application\/ld+json\" class=\"yoast-schema-graph\">{\"@context\":\"https:\/\/schema.org\",\"@graph\":[{\"@type\":\"WebPage\",\"@id\":\"https:\/\/antares-translations.com\/ca\/accessibilitat\",\"url\":\"https:\/\/antares-translations.com\/ca\/accessibilitat\",\"name\":\"Accessibilitat - Antares Translations\",\"isPartOf\":{\"@id\":\"https:\/\/antares-translations.com\/ca#website\"},\"datePublished\":\"2024-11-05T12:36:48+00:00\",\"dateModified\":\"2024-11-28T13:46:38+00:00\",\"breadcrumb\":{\"@id\":\"https:\/\/antares-translations.com\/ca\/accessibilitat#breadcrumb\"},\"inLanguage\":\"ca\",\"potentialAction\":[{\"@type\":\"ReadAction\",\"target\":[\"https:\/\/antares-translations.com\/ca\/accessibilitat\"]}]},{\"@type\":\"BreadcrumbList\",\"@id\":\"https:\/\/antares-translations.com\/ca\/accessibilitat#breadcrumb\",\"itemListElement\":[{\"@type\":\"ListItem\",\"position\":1,\"name\":\"Home\",\"item\":\"https:\/\/antares-translations.com\/ca\"},{\"@type\":\"ListItem\",\"position\":2,\"name\":\"Accessibilitat\"}]},{\"@type\":\"WebSite\",\"@id\":\"https:\/\/antares-translations.com\/ca#website\",\"url\":\"https:\/\/antares-translations.com\/ca\",\"name\":\"Antares Translations\",\"description\":\"Translation Services\",\"publisher\":{\"@id\":\"https:\/\/antares-translations.com\/ca#organization\"},\"alternateName\":\"Your Personal Language Expert\",\"potentialAction\":[{\"@type\":\"SearchAction\",\"target\":{\"@type\":\"EntryPoint\",\"urlTemplate\":\"https:\/\/antares-translations.com\/ca?s={search_term_string}\"},\"query-input\":{\"@type\":\"PropertyValueSpecification\",\"valueRequired\":true,\"valueName\":\"search_term_string\"}}],\"inLanguage\":\"ca\"},{\"@type\":\"Organization\",\"@id\":\"https:\/\/antares-translations.com\/ca#organization\",\"name\":\"Antares Translations\",\"url\":\"https:\/\/antares-translations.com\/ca\",\"logo\":{\"@type\":\"ImageObject\",\"inLanguage\":\"ca\",\"@id\":\"https:\/\/antares-translations.com\/ca#\/schema\/logo\/image\/\",\"url\":\"https:\/\/antares-translations.com\/wp-content\/uploads\/2024\/11\/logo-antares-translations_v2.png\",\"contentUrl\":\"https:\/\/antares-translations.com\/wp-content\/uploads\/2024\/11\/logo-antares-translations_v2.png\",\"width\":253,\"height\":120,\"caption\":\"Antares Translations\"},\"image\":{\"@id\":\"https:\/\/antares-translations.com\/ca#\/schema\/logo\/image\/\"}}]}<\/script>\n<!-- \/ Yoast SEO plugin. -->","yoast_head_json":{"title":"Accessibilitat - Antares Translations","robots":{"index":"index","follow":"follow","max-snippet":"max-snippet:-1","max-image-preview":"max-image-preview:large","max-video-preview":"max-video-preview:-1"},"canonical":"https:\/\/antares-translations.com\/ca\/accessibilitat","og_locale":"ca_ES","og_type":"article","og_title":"Accessibilitat - Antares Translations","og_description":"Antares Translations\u00a0s\u2019ha comprom\u00e8s a fer accessible el vostre lloc web de conformitat amb la Normativa Europea EN 301 549 V3.2.1 (2021-03), sobre Requisits d\u2019accessibilitat ...","og_url":"https:\/\/antares-translations.com\/ca\/accessibilitat","og_site_name":"Antares Translations","article_modified_time":"2024-11-28T13:46:38+00:00","og_image":[{"width":700,"height":700,"url":"https:\/\/antares-translations.com\/wp-content\/uploads\/2024\/11\/antares-translations-about-edited.jpg","type":"image\/jpeg"}],"twitter_card":"summary_large_image","twitter_misc":{"Temps estimat de lectura":"2 minuts"},"schema":{"@context":"https:\/\/schema.org","@graph":[{"@type":"WebPage","@id":"https:\/\/antares-translations.com\/ca\/accessibilitat","url":"https:\/\/antares-translations.com\/ca\/accessibilitat","name":"Accessibilitat - Antares Translations","isPartOf":{"@id":"https:\/\/antares-translations.com\/ca#website"},"datePublished":"2024-11-05T12:36:48+00:00","dateModified":"2024-11-28T13:46:38+00:00","breadcrumb":{"@id":"https:\/\/antares-translations.com\/ca\/accessibilitat#breadcrumb"},"inLanguage":"ca","potentialAction":[{"@type":"ReadAction","target":["https:\/\/antares-translations.com\/ca\/accessibilitat"]}]},{"@type":"BreadcrumbList","@id":"https:\/\/antares-translations.com\/ca\/accessibilitat#breadcrumb","itemListElement":[{"@type":"ListItem","position":1,"name":"Home","item":"https:\/\/antares-translations.com\/ca"},{"@type":"ListItem","position":2,"name":"Accessibilitat"}]},{"@type":"WebSite","@id":"https:\/\/antares-translations.com\/ca#website","url":"https:\/\/antares-translations.com\/ca","name":"Antares Translations","description":"Translation Services","publisher":{"@id":"https:\/\/antares-translations.com\/ca#organization"},"alternateName":"Your Personal Language Expert","potentialAction":[{"@type":"SearchAction","target":{"@type":"EntryPoint","urlTemplate":"https:\/\/antares-translations.com\/ca?s={search_term_string}"},"query-input":{"@type":"PropertyValueSpecification","valueRequired":true,"valueName":"search_term_string"}}],"inLanguage":"ca"},{"@type":"Organization","@id":"https:\/\/antares-translations.com\/ca#organization","name":"Antares Translations","url":"https:\/\/antares-translations.com\/ca","logo":{"@type":"ImageObject","inLanguage":"ca","@id":"https:\/\/antares-translations.com\/ca#\/schema\/logo\/image\/","url":"https:\/\/antares-translations.com\/wp-content\/uploads\/2024\/11\/logo-antares-translations_v2.png","contentUrl":"https:\/\/antares-translations.com\/wp-content\/uploads\/2024\/11\/logo-antares-translations_v2.png","width":253,"height":120,"caption":"Antares Translations"},"image":{"@id":"https:\/\/antares-translations.com\/ca#\/schema\/logo\/image\/"}}]}},"_links":{"self":[{"href":"https:\/\/antares-translations.com\/ca\/wp-json\/wp\/v2\/pages\/395","targetHints":{"allow":["GET"]}}],"collection":[{"href":"https:\/\/antares-translations.com\/ca\/wp-json\/wp\/v2\/pages"}],"about":[{"href":"https:\/\/antares-translations.com\/ca\/wp-json\/wp\/v2\/types\/page"}],"author":[{"embeddable":true,"href":"https:\/\/antares-translations.com\/ca\/wp-json\/wp\/v2\/users\/1"}],"replies":[{"embeddable":true,"href":"https:\/\/antares-translations.com\/ca\/wp-json\/wp\/v2\/comments?post=395"}],"version-history":[{"count":4,"href":"https:\/\/antares-translations.com\/ca\/wp-json\/wp\/v2\/pages\/395\/revisions"}],"predecessor-version":[{"id":510,"href":"https:\/\/antares-translations.com\/ca\/wp-json\/wp\/v2\/pages\/395\/revisions\/510"}],"wp:attachment":[{"href":"https:\/\/antares-translations.com\/ca\/wp-json\/wp\/v2\/media?parent=395"}],"curies":[{"name":"wp","href":"https:\/\/api.w.org\/{rel}","templated":true}]}}