{"id":380,"date":"2024-11-05T10:19:15","date_gmt":"2024-11-05T10:19:15","guid":{"rendered":"https:\/\/antares-translations.com\/contact"},"modified":"2024-11-28T13:10:20","modified_gmt":"2024-11-28T13:10:20","slug":"contacte","status":"publish","type":"page","link":"https:\/\/antares-translations.com\/ca\/contacte","title":{"rendered":"Contacte"},"content":{"rendered":"\n<div class=\"wp-block-columns is-layout-flex wp-container-core-columns-is-layout-28f84493 wp-block-columns-is-layout-flex\">\n<div class=\"wp-block-column is-layout-flow wp-block-column-is-layout-flow\"><\/div>\n<\/div>\n\n\n\n<div class=\"wp-block-columns is-layout-flex wp-container-core-columns-is-layout-28f84493 wp-block-columns-is-layout-flex\">\n<div class=\"wp-block-column is-layout-flow wp-block-column-is-layout-flow\">\n<div class=\"wp-block-cover is-light has-cnt-color has-text-color has-link-color wp-elements-820701ef760859eb121aa74405d73fbb\" style=\"border-top-left-radius:50px;border-top-right-radius:49px;border-bottom-right-radius:50px;padding-right:var(--wp--preset--spacing--medium);padding-left:var(--wp--preset--spacing--medium);min-height:400px;aspect-ratio:unset;\"><span aria-hidden=\"true\" class=\"wp-block-cover__background has-background-dim\" style=\"background-color:#faf2dd\"><\/span><div class=\"wp-block-cover__inner-container is-layout-constrained wp-container-core-cover-is-layout-caa6f773 wp-block-cover-is-layout-constrained\">\n<p>Est\u00e0s preparat per portar la teva comunicaci\u00f3 al seg\u00fcent nivell? M&#8217;agradaria parlar del teu projecte.<\/p>\n\n\n\n<p>Tant si ets una empresa que busca expandir-se globalment, una ag\u00e8ncia de traducci\u00f3 a la recerca d&#8217;un nou traductor per al teu equip o una persona que necessita serveis personals de traducci\u00f3, estic aqu\u00ed per ajudar-te.<\/p>\n\n\n\n<h2 class=\"wp-block-heading\"><strong>contacta&#8217;m!<\/strong><\/h2>\n<\/div><\/div>\n<\/div>\n\n\n\n<div class=\"wp-block-column fy-form is-layout-flow wp-block-column-is-layout-flow\">\n<h2 class=\"wp-block-heading\">formulari de contacte<\/h2>\n\n\n\n<div class=\"wp-block-contact-form-7-contact-form-selector\">\n<div class=\"wpcf7 no-js\" id=\"wpcf7-f387-o1\" lang=\"ca\" dir=\"ltr\" data-wpcf7-id=\"387\">\n<div class=\"screen-reader-response\"><p role=\"status\" aria-live=\"polite\" aria-atomic=\"true\"><\/p> <ul><\/ul><\/div>\n<form action=\"\/ca\/wp-json\/wp\/v2\/pages\/380#wpcf7-f387-o1\" method=\"post\" class=\"wpcf7-form init\" aria-label=\"Formulari de contacte\" novalidate=\"novalidate\" data-status=\"init\">\n<div style=\"display: none;\">\n<input type=\"hidden\" name=\"_wpcf7\" value=\"387\" \/>\n<input type=\"hidden\" name=\"_wpcf7_version\" value=\"6.0.1\" \/>\n<input type=\"hidden\" name=\"_wpcf7_locale\" value=\"ca\" \/>\n<input type=\"hidden\" name=\"_wpcf7_unit_tag\" value=\"wpcf7-f387-o1\" \/>\n<input type=\"hidden\" name=\"_wpcf7_container_post\" value=\"0\" \/>\n<input type=\"hidden\" name=\"_wpcf7_posted_data_hash\" value=\"\" \/>\n<input type=\"hidden\" name=\"_wpcf7_recaptcha_response\" value=\"\" \/>\n<\/div>\n<p><label> Nom<br \/>\n<span class=\"wpcf7-form-control-wrap\" data-name=\"your-name\"><input size=\"40\" maxlength=\"400\" class=\"wpcf7-form-control wpcf7-text wpcf7-validates-as-required\" autocomplete=\"name\" aria-required=\"true\" aria-invalid=\"false\" value=\"\" type=\"text\" name=\"your-name\" \/><\/span> <\/label>\n<\/p>\n<p><label> Correu electr\u00f2nic<br \/>\n<span class=\"wpcf7-form-control-wrap\" data-name=\"your-email\"><input size=\"40\" maxlength=\"400\" class=\"wpcf7-form-control wpcf7-email wpcf7-validates-as-required wpcf7-text wpcf7-validates-as-email\" autocomplete=\"email\" aria-required=\"true\" aria-invalid=\"false\" value=\"\" type=\"email\" name=\"your-email\" \/><\/span> <\/label>\n<\/p>\n<p><label> Assumpte<br \/>\n<span class=\"wpcf7-form-control-wrap\" data-name=\"your-subject\"><input size=\"40\" maxlength=\"400\" class=\"wpcf7-form-control wpcf7-text wpcf7-validates-as-required\" aria-required=\"true\" aria-invalid=\"false\" value=\"\" type=\"text\" name=\"your-subject\" \/><\/span> <\/label>\n<\/p>\n<p><label> Missatge (opcional)<br \/>\n<span class=\"wpcf7-form-control-wrap\" data-name=\"your-message\"><textarea cols=\"40\" rows=\"10\" maxlength=\"2000\" class=\"wpcf7-form-control wpcf7-textarea\" aria-invalid=\"false\" name=\"your-message\"><\/textarea><\/span> <\/label><br \/>\n<span class=\"wpcf7-form-control-wrap\" data-name=\"acceptance\"><span class=\"wpcf7-form-control wpcf7-acceptance\"><span class=\"wpcf7-list-item\"><label><input type=\"checkbox\" name=\"acceptance\" value=\"1\" aria-invalid=\"false\" \/><span class=\"wpcf7-list-item-label\">He llegit i accepto la <a href=\"\/ca\/politica-de-privacitat\" target=\"_blank\">Pol\u00edtica de privadesa<\/a><\/span><\/label><\/span><\/span><\/span><br \/>\n<input class=\"wpcf7-form-control wpcf7-submit has-spinner\" type=\"submit\" value=\"Enviar\" \/>\n<\/p><div class=\"wpcf7-response-output\" aria-hidden=\"true\"><\/div>\n<\/form>\n<\/div>\n<\/div>\n<\/div>\n<\/div>\n\n\n\n<div style=\"height:30px\" aria-hidden=\"true\" class=\"wp-block-spacer\"><\/div>\n","protected":false},"excerpt":{"rendered":"<p>formulari de contacte<\/p>\n","protected":false},"author":1,"featured_media":243,"parent":0,"menu_order":0,"comment_status":"closed","ping_status":"closed","template":"","meta":{"footnotes":""},"class_list":["post-380","page","type-page","status-publish","has-post-thumbnail","hentry"],"yoast_head":"<!-- This site is optimized with the Yoast SEO plugin v23.9 - https:\/\/yoast.com\/wordpress\/plugins\/seo\/ -->\n<title>Contacte - Antares Translations<\/title>\n<meta name=\"robots\" content=\"index, follow, max-snippet:-1, max-image-preview:large, max-video-preview:-1\" \/>\n<link rel=\"canonical\" href=\"https:\/\/antares-translations.com\/ca\/contacte\" \/>\n<meta property=\"og:locale\" content=\"ca_ES\" \/>\n<meta property=\"og:type\" content=\"article\" \/>\n<meta property=\"og:title\" content=\"Contacte - Antares Translations\" \/>\n<meta property=\"og:description\" content=\"formulari de contacte\" \/>\n<meta property=\"og:url\" content=\"https:\/\/antares-translations.com\/ca\/contacte\" \/>\n<meta property=\"og:site_name\" content=\"Antares Translations\" \/>\n<meta property=\"article:modified_time\" content=\"2024-11-28T13:10:20+00:00\" \/>\n<meta property=\"og:image\" content=\"https:\/\/antares-translations.com\/wp-content\/uploads\/2024\/11\/pexels-chuck-3728084.jpg\" \/>\n\t<meta property=\"og:image:width\" content=\"1920\" \/>\n\t<meta property=\"og:image:height\" content=\"1280\" \/>\n\t<meta property=\"og:image:type\" content=\"image\/jpeg\" \/>\n<meta name=\"twitter:card\" content=\"summary_large_image\" \/>\n<meta name=\"twitter:label1\" content=\"Temps estimat de lectura\" \/>\n\t<meta name=\"twitter:data1\" content=\"1 minut\" \/>\n<script type=\"application\/ld+json\" class=\"yoast-schema-graph\">{\"@context\":\"https:\/\/schema.org\",\"@graph\":[{\"@type\":\"WebPage\",\"@id\":\"https:\/\/antares-translations.com\/ca\/contacte\",\"url\":\"https:\/\/antares-translations.com\/ca\/contacte\",\"name\":\"Contacte - Antares Translations\",\"isPartOf\":{\"@id\":\"https:\/\/antares-translations.com\/ca#website\"},\"primaryImageOfPage\":{\"@id\":\"https:\/\/antares-translations.com\/ca\/contacte#primaryimage\"},\"image\":{\"@id\":\"https:\/\/antares-translations.com\/ca\/contacte#primaryimage\"},\"thumbnailUrl\":\"https:\/\/antares-translations.com\/wp-content\/uploads\/2024\/11\/pexels-chuck-3728084.jpg\",\"datePublished\":\"2024-11-05T10:19:15+00:00\",\"dateModified\":\"2024-11-28T13:10:20+00:00\",\"breadcrumb\":{\"@id\":\"https:\/\/antares-translations.com\/ca\/contacte#breadcrumb\"},\"inLanguage\":\"ca\",\"potentialAction\":[{\"@type\":\"ReadAction\",\"target\":[\"https:\/\/antares-translations.com\/ca\/contacte\"]}]},{\"@type\":\"ImageObject\",\"inLanguage\":\"ca\",\"@id\":\"https:\/\/antares-translations.com\/ca\/contacte#primaryimage\",\"url\":\"https:\/\/antares-translations.com\/wp-content\/uploads\/2024\/11\/pexels-chuck-3728084.jpg\",\"contentUrl\":\"https:\/\/antares-translations.com\/wp-content\/uploads\/2024\/11\/pexels-chuck-3728084.jpg\",\"width\":1920,\"height\":1280,\"caption\":\"Experta en idiomas y traductora personal Antares Translations\"},{\"@type\":\"BreadcrumbList\",\"@id\":\"https:\/\/antares-translations.com\/ca\/contacte#breadcrumb\",\"itemListElement\":[{\"@type\":\"ListItem\",\"position\":1,\"name\":\"Home\",\"item\":\"https:\/\/antares-translations.com\/ca\"},{\"@type\":\"ListItem\",\"position\":2,\"name\":\"Contacte\"}]},{\"@type\":\"WebSite\",\"@id\":\"https:\/\/antares-translations.com\/ca#website\",\"url\":\"https:\/\/antares-translations.com\/ca\",\"name\":\"Antares Translations\",\"description\":\"Translation Services\",\"publisher\":{\"@id\":\"https:\/\/antares-translations.com\/ca#organization\"},\"alternateName\":\"Your Personal Language Expert\",\"potentialAction\":[{\"@type\":\"SearchAction\",\"target\":{\"@type\":\"EntryPoint\",\"urlTemplate\":\"https:\/\/antares-translations.com\/ca?s={search_term_string}\"},\"query-input\":{\"@type\":\"PropertyValueSpecification\",\"valueRequired\":true,\"valueName\":\"search_term_string\"}}],\"inLanguage\":\"ca\"},{\"@type\":\"Organization\",\"@id\":\"https:\/\/antares-translations.com\/ca#organization\",\"name\":\"Antares Translations\",\"url\":\"https:\/\/antares-translations.com\/ca\",\"logo\":{\"@type\":\"ImageObject\",\"inLanguage\":\"ca\",\"@id\":\"https:\/\/antares-translations.com\/ca#\/schema\/logo\/image\/\",\"url\":\"https:\/\/antares-translations.com\/wp-content\/uploads\/2024\/11\/logo-antares-translations_v2.png\",\"contentUrl\":\"https:\/\/antares-translations.com\/wp-content\/uploads\/2024\/11\/logo-antares-translations_v2.png\",\"width\":253,\"height\":120,\"caption\":\"Antares Translations\"},\"image\":{\"@id\":\"https:\/\/antares-translations.com\/ca#\/schema\/logo\/image\/\"}}]}<\/script>\n<!-- \/ Yoast SEO plugin. -->","yoast_head_json":{"title":"Contacte - Antares Translations","robots":{"index":"index","follow":"follow","max-snippet":"max-snippet:-1","max-image-preview":"max-image-preview:large","max-video-preview":"max-video-preview:-1"},"canonical":"https:\/\/antares-translations.com\/ca\/contacte","og_locale":"ca_ES","og_type":"article","og_title":"Contacte - Antares Translations","og_description":"formulari de contacte","og_url":"https:\/\/antares-translations.com\/ca\/contacte","og_site_name":"Antares Translations","article_modified_time":"2024-11-28T13:10:20+00:00","og_image":[{"width":1920,"height":1280,"url":"https:\/\/antares-translations.com\/wp-content\/uploads\/2024\/11\/pexels-chuck-3728084.jpg","type":"image\/jpeg"}],"twitter_card":"summary_large_image","twitter_misc":{"Temps estimat de lectura":"1 minut"},"schema":{"@context":"https:\/\/schema.org","@graph":[{"@type":"WebPage","@id":"https:\/\/antares-translations.com\/ca\/contacte","url":"https:\/\/antares-translations.com\/ca\/contacte","name":"Contacte - Antares Translations","isPartOf":{"@id":"https:\/\/antares-translations.com\/ca#website"},"primaryImageOfPage":{"@id":"https:\/\/antares-translations.com\/ca\/contacte#primaryimage"},"image":{"@id":"https:\/\/antares-translations.com\/ca\/contacte#primaryimage"},"thumbnailUrl":"https:\/\/antares-translations.com\/wp-content\/uploads\/2024\/11\/pexels-chuck-3728084.jpg","datePublished":"2024-11-05T10:19:15+00:00","dateModified":"2024-11-28T13:10:20+00:00","breadcrumb":{"@id":"https:\/\/antares-translations.com\/ca\/contacte#breadcrumb"},"inLanguage":"ca","potentialAction":[{"@type":"ReadAction","target":["https:\/\/antares-translations.com\/ca\/contacte"]}]},{"@type":"ImageObject","inLanguage":"ca","@id":"https:\/\/antares-translations.com\/ca\/contacte#primaryimage","url":"https:\/\/antares-translations.com\/wp-content\/uploads\/2024\/11\/pexels-chuck-3728084.jpg","contentUrl":"https:\/\/antares-translations.com\/wp-content\/uploads\/2024\/11\/pexels-chuck-3728084.jpg","width":1920,"height":1280,"caption":"Experta en idiomas y traductora personal Antares Translations"},{"@type":"BreadcrumbList","@id":"https:\/\/antares-translations.com\/ca\/contacte#breadcrumb","itemListElement":[{"@type":"ListItem","position":1,"name":"Home","item":"https:\/\/antares-translations.com\/ca"},{"@type":"ListItem","position":2,"name":"Contacte"}]},{"@type":"WebSite","@id":"https:\/\/antares-translations.com\/ca#website","url":"https:\/\/antares-translations.com\/ca","name":"Antares Translations","description":"Translation Services","publisher":{"@id":"https:\/\/antares-translations.com\/ca#organization"},"alternateName":"Your Personal Language Expert","potentialAction":[{"@type":"SearchAction","target":{"@type":"EntryPoint","urlTemplate":"https:\/\/antares-translations.com\/ca?s={search_term_string}"},"query-input":{"@type":"PropertyValueSpecification","valueRequired":true,"valueName":"search_term_string"}}],"inLanguage":"ca"},{"@type":"Organization","@id":"https:\/\/antares-translations.com\/ca#organization","name":"Antares Translations","url":"https:\/\/antares-translations.com\/ca","logo":{"@type":"ImageObject","inLanguage":"ca","@id":"https:\/\/antares-translations.com\/ca#\/schema\/logo\/image\/","url":"https:\/\/antares-translations.com\/wp-content\/uploads\/2024\/11\/logo-antares-translations_v2.png","contentUrl":"https:\/\/antares-translations.com\/wp-content\/uploads\/2024\/11\/logo-antares-translations_v2.png","width":253,"height":120,"caption":"Antares Translations"},"image":{"@id":"https:\/\/antares-translations.com\/ca#\/schema\/logo\/image\/"}}]}},"_links":{"self":[{"href":"https:\/\/antares-translations.com\/ca\/wp-json\/wp\/v2\/pages\/380","targetHints":{"allow":["GET"]}}],"collection":[{"href":"https:\/\/antares-translations.com\/ca\/wp-json\/wp\/v2\/pages"}],"about":[{"href":"https:\/\/antares-translations.com\/ca\/wp-json\/wp\/v2\/types\/page"}],"author":[{"embeddable":true,"href":"https:\/\/antares-translations.com\/ca\/wp-json\/wp\/v2\/users\/1"}],"replies":[{"embeddable":true,"href":"https:\/\/antares-translations.com\/ca\/wp-json\/wp\/v2\/comments?post=380"}],"version-history":[{"count":2,"href":"https:\/\/antares-translations.com\/ca\/wp-json\/wp\/v2\/pages\/380\/revisions"}],"predecessor-version":[{"id":488,"href":"https:\/\/antares-translations.com\/ca\/wp-json\/wp\/v2\/pages\/380\/revisions\/488"}],"wp:featuredmedia":[{"embeddable":true,"href":"https:\/\/antares-translations.com\/ca\/wp-json\/wp\/v2\/media\/243"}],"wp:attachment":[{"href":"https:\/\/antares-translations.com\/ca\/wp-json\/wp\/v2\/media?parent=380"}],"curies":[{"name":"wp","href":"https:\/\/api.w.org\/{rel}","templated":true}]}}